{"id":2,"date":"2018-09-10T20:04:49","date_gmt":"2018-09-10T20:04:49","guid":{"rendered":"https:\/\/www.swissneutral.net\/?page_id=2"},"modified":"2020-11-25T19:40:35","modified_gmt":"2020-11-25T19:40:35","slug":"sample-page","status":"publish","type":"page","link":"https:\/\/www.swissneutral.net\/?page_id=2","title":{"rendered":"Qui sommes-nous ?"},"content":{"rendered":"\t\t<div data-elementor-type=\"wp-page\" data-elementor-id=\"2\" class=\"elementor elementor-2\">\n\t\t\t\t\t\t<section class=\"elementor-section elementor-top-section elementor-element elementor-element-9cb51a9 elementor-section-boxed elementor-section-height-default elementor-section-height-default\" data-id=\"9cb51a9\" data-element_type=\"section\" data-e-type=\"section\">\n\t\t\t\t\t\t<div class=\"elementor-container elementor-column-gap-default\">\n\t\t\t\t\t<div class=\"elementor-column elementor-col-50 elementor-top-column elementor-element elementor-element-40172d1\" data-id=\"40172d1\" data-element_type=\"column\" data-e-type=\"column\">\n\t\t\t<div class=\"elementor-widget-wrap elementor-element-populated\">\n\t\t\t\t\t\t<div class=\"elementor-element elementor-element-73f747e elementor-view-default elementor-widget elementor-widget-icon\" data-id=\"73f747e\" data-element_type=\"widget\" data-e-type=\"widget\" data-widget_type=\"icon.default\">\n\t\t\t\t<div class=\"elementor-widget-container\">\n\t\t\t\t\t\t\t<div class=\"elementor-icon-wrapper\">\n\t\t\t<div class=\"elementor-icon\">\n\t\t\t<i aria-hidden=\"true\" class=\"far fa-id-card\"><\/i>\t\t\t<\/div>\n\t\t<\/div>\n\t\t\t\t\t\t<\/div>\n\t\t\t\t<\/div>\n\t\t\t\t\t<\/div>\n\t\t<\/div>\n\t\t\t\t<div class=\"elementor-column elementor-col-50 elementor-top-column elementor-element elementor-element-996fa8a\" data-id=\"996fa8a\" data-element_type=\"column\" data-e-type=\"column\">\n\t\t\t<div class=\"elementor-widget-wrap elementor-element-populated\">\n\t\t\t\t\t\t<div class=\"elementor-element elementor-element-c16f4a7 elementor-widget elementor-widget-heading\" data-id=\"c16f4a7\" data-element_type=\"widget\" data-e-type=\"widget\" data-widget_type=\"heading.default\">\n\t\t\t\t<div class=\"elementor-widget-container\">\n\t\t\t\t\t<h2 class=\"elementor-heading-title elementor-size-default\">Qui sommes-nous ?<\/h2>\t\t\t\t<\/div>\n\t\t\t\t<\/div>\n\t\t\t\t\t<\/div>\n\t\t<\/div>\n\t\t\t\t\t<\/div>\n\t\t<\/section>\n\t\t\t\t<section class=\"elementor-section elementor-top-section elementor-element elementor-element-87f15ce elementor-section-boxed elementor-section-height-default elementor-section-height-default\" data-id=\"87f15ce\" data-element_type=\"section\" data-e-type=\"section\">\n\t\t\t\t\t\t<div class=\"elementor-container elementor-column-gap-default\">\n\t\t\t\t\t<div class=\"elementor-column elementor-col-50 elementor-top-column elementor-element elementor-element-07aae11\" data-id=\"07aae11\" data-element_type=\"column\" data-e-type=\"column\">\n\t\t\t<div class=\"elementor-widget-wrap\">\n\t\t\t\t\t\t\t<\/div>\n\t\t<\/div>\n\t\t\t\t<div class=\"elementor-column elementor-col-50 elementor-top-column elementor-element elementor-element-05f2327\" data-id=\"05f2327\" data-element_type=\"column\" data-e-type=\"column\">\n\t\t\t<div class=\"elementor-widget-wrap elementor-element-populated\">\n\t\t\t\t\t\t<div class=\"elementor-element elementor-element-f2505c9 elementor-widget elementor-widget-text-editor\" data-id=\"f2505c9\" data-element_type=\"widget\" data-e-type=\"widget\" data-widget_type=\"text-editor.default\">\n\t\t\t\t<div class=\"elementor-widget-container\">\n\t\t\t\t\t\t\t\t\t<p><strong>SwissNeutral.net<\/strong> (prononc\u00e9 SwissNeutralNet ou SNN) est une association <strong>\u00e0 but non lucratif<\/strong> d\u00e9sireuse de promouvoir la <strong>neutralit\u00e9* du Net <\/strong>en Suisse par plusieurs moyens d&rsquo;actions.<\/p><p>Nous sommes \u00e9galement <strong>op\u00e9rateur Internet<\/strong> (AS 200601) pour les raisons \u00e9voqu\u00e9es plus bas.<\/p><p>\u00c7a c&rsquo;est pour les grandes lignes. \ud83d\ude00<\/p>\t\t\t\t\t\t\t\t<\/div>\n\t\t\t\t<\/div>\n\t\t\t\t\t<\/div>\n\t\t<\/div>\n\t\t\t\t\t<\/div>\n\t\t<\/section>\n\t\t\t\t<section class=\"elementor-section elementor-top-section elementor-element elementor-element-0dc21db elementor-section-boxed elementor-section-height-default elementor-section-height-default\" data-id=\"0dc21db\" data-element_type=\"section\" data-e-type=\"section\">\n\t\t\t\t\t\t<div class=\"elementor-container elementor-column-gap-default\">\n\t\t\t\t\t<div class=\"elementor-column elementor-col-50 elementor-top-column elementor-element elementor-element-2ccc320\" data-id=\"2ccc320\" data-element_type=\"column\" data-e-type=\"column\">\n\t\t\t<div class=\"elementor-widget-wrap elementor-element-populated\">\n\t\t\t\t\t\t<div class=\"elementor-element elementor-element-834eff0 elementor-view-default elementor-widget elementor-widget-icon\" data-id=\"834eff0\" data-element_type=\"widget\" data-e-type=\"widget\" data-widget_type=\"icon.default\">\n\t\t\t\t<div class=\"elementor-widget-container\">\n\t\t\t\t\t\t\t<div class=\"elementor-icon-wrapper\">\n\t\t\t<div class=\"elementor-icon\">\n\t\t\t<i aria-hidden=\"true\" class=\"far fa-lightbulb\"><\/i>\t\t\t<\/div>\n\t\t<\/div>\n\t\t\t\t\t\t<\/div>\n\t\t\t\t<\/div>\n\t\t\t\t\t<\/div>\n\t\t<\/div>\n\t\t\t\t<div class=\"elementor-column elementor-col-50 elementor-top-column elementor-element elementor-element-189231d\" data-id=\"189231d\" data-element_type=\"column\" data-e-type=\"column\">\n\t\t\t<div class=\"elementor-widget-wrap elementor-element-populated\">\n\t\t\t\t\t\t<div class=\"elementor-element elementor-element-c3dd003 elementor-widget elementor-widget-heading\" data-id=\"c3dd003\" data-element_type=\"widget\" data-e-type=\"widget\" data-widget_type=\"heading.default\">\n\t\t\t\t<div class=\"elementor-widget-container\">\n\t\t\t\t\t<h2 class=\"elementor-heading-title elementor-size-default\">C'est quoi la \u00ab neutralit\u00e9* du net \u00bb ?<\/h2>\t\t\t\t<\/div>\n\t\t\t\t<\/div>\n\t\t\t\t\t<\/div>\n\t\t<\/div>\n\t\t\t\t\t<\/div>\n\t\t<\/section>\n\t\t\t\t<section class=\"elementor-section elementor-top-section elementor-element elementor-element-f199614 elementor-section-boxed elementor-section-height-default elementor-section-height-default\" data-id=\"f199614\" data-element_type=\"section\" data-e-type=\"section\">\n\t\t\t\t\t\t<div class=\"elementor-container elementor-column-gap-default\">\n\t\t\t\t\t<div class=\"elementor-column elementor-col-50 elementor-top-column elementor-element elementor-element-cf41d9a\" data-id=\"cf41d9a\" data-element_type=\"column\" data-e-type=\"column\">\n\t\t\t<div class=\"elementor-widget-wrap\">\n\t\t\t\t\t\t\t<\/div>\n\t\t<\/div>\n\t\t\t\t<div class=\"elementor-column elementor-col-50 elementor-top-column elementor-element elementor-element-ba60142\" data-id=\"ba60142\" data-element_type=\"column\" data-e-type=\"column\">\n\t\t\t<div class=\"elementor-widget-wrap elementor-element-populated\">\n\t\t\t\t\t\t<div class=\"elementor-element elementor-element-2b6fea3 elementor-widget elementor-widget-text-editor\" data-id=\"2b6fea3\" data-element_type=\"widget\" data-e-type=\"widget\" data-widget_type=\"text-editor.default\">\n\t\t\t\t<div class=\"elementor-widget-container\">\n\t\t\t\t\t\t\t\t\t<p>Pour faire tr\u00e8s simple, la neutralit\u00e9 d\u2019Internet consiste \u00e0 ce que les donn\u00e9es<b> que vous recevez et transmettez<\/b> sur le \u00ab\u00a0r\u00e9seau des r\u00e9seaux\u00a0\u00bb ne soient pas <strong>alt\u00e9r\u00e9es, utilis\u00e9es, modifi\u00e9es ou censur\u00e9es<\/strong> lors de leur acheminement et que votre op\u00e9rateur vous fournisse <strong>une adresse IP fixe publique et unique au niveau mondial<\/strong> sur Internet pour que vous ayez le choix de ne pas \u00eatre <strong>qu&rsquo;un consommateur de contenu<\/strong> mais aussi d&rsquo;\u00eatre <strong>en mesure d&rsquo;h\u00e9berger des services<\/strong> sur votre connexion par exemple pour ne pas avoir \u00e0 stocker vos donn\u00e9es dans le fameux <strong>cloud<\/strong>. Mais pas que&#8230;<\/p><p>Si vous voulez en savoir plus, cette vid\u00e9o pourra \u00eatre plus p\u00e9dagogique :<\/p>\t\t\t\t\t\t\t\t<\/div>\n\t\t\t\t<\/div>\n\t\t\t\t\t<\/div>\n\t\t<\/div>\n\t\t\t\t\t<\/div>\n\t\t<\/section>\n\t\t\t\t<section class=\"elementor-section elementor-top-section elementor-element elementor-element-2fd10ce elementor-section-boxed elementor-section-height-default elementor-section-height-default\" data-id=\"2fd10ce\" data-element_type=\"section\" data-e-type=\"section\">\n\t\t\t\t\t\t<div class=\"elementor-container elementor-column-gap-default\">\n\t\t\t\t\t<div class=\"elementor-column elementor-col-50 elementor-top-column elementor-element elementor-element-147ad84\" data-id=\"147ad84\" data-element_type=\"column\" data-e-type=\"column\">\n\t\t\t<div class=\"elementor-widget-wrap\">\n\t\t\t\t\t\t\t<\/div>\n\t\t<\/div>\n\t\t\t\t<div class=\"elementor-column elementor-col-50 elementor-top-column elementor-element elementor-element-39c8cea\" data-id=\"39c8cea\" data-element_type=\"column\" data-e-type=\"column\">\n\t\t\t<div class=\"elementor-widget-wrap elementor-element-populated\">\n\t\t\t\t\t\t<div class=\"elementor-element elementor-element-a6a4614 elementor-widget elementor-widget-html\" data-id=\"a6a4614\" data-element_type=\"widget\" data-e-type=\"widget\" data-widget_type=\"html.default\">\n\t\t\t\t<div class=\"elementor-widget-container\">\n\t\t\t\t\t<iframe width=\"560\" height=\"315\" sandbox=\"allow-same-origin allow-scripts\" src=\"https:\/\/framatube.org\/videos\/embed\/fec25007-be8e-4e65-b461-40ce435179ec\" frameborder=\"0\" allowfullscreen><\/iframe>\t\t\t\t<\/div>\n\t\t\t\t<\/div>\n\t\t\t\t\t<\/div>\n\t\t<\/div>\n\t\t\t\t\t<\/div>\n\t\t<\/section>\n\t\t\t\t<section class=\"elementor-section elementor-top-section elementor-element elementor-element-bc24d40 elementor-section-boxed elementor-section-height-default elementor-section-height-default\" data-id=\"bc24d40\" data-element_type=\"section\" data-e-type=\"section\">\n\t\t\t\t\t\t<div class=\"elementor-container elementor-column-gap-default\">\n\t\t\t\t\t<div class=\"elementor-column elementor-col-50 elementor-top-column elementor-element elementor-element-d3e7b0f\" data-id=\"d3e7b0f\" data-element_type=\"column\" data-e-type=\"column\">\n\t\t\t<div class=\"elementor-widget-wrap elementor-element-populated\">\n\t\t\t\t\t\t<div class=\"elementor-element elementor-element-85e0553 elementor-view-default elementor-widget elementor-widget-icon\" data-id=\"85e0553\" data-element_type=\"widget\" data-e-type=\"widget\" data-widget_type=\"icon.default\">\n\t\t\t\t<div class=\"elementor-widget-container\">\n\t\t\t\t\t\t\t<div class=\"elementor-icon-wrapper\">\n\t\t\t<div class=\"elementor-icon\">\n\t\t\t<i aria-hidden=\"true\" class=\"fas fa-peace\"><\/i>\t\t\t<\/div>\n\t\t<\/div>\n\t\t\t\t\t\t<\/div>\n\t\t\t\t<\/div>\n\t\t\t\t\t<\/div>\n\t\t<\/div>\n\t\t\t\t<div class=\"elementor-column elementor-col-50 elementor-top-column elementor-element elementor-element-1d521ad\" data-id=\"1d521ad\" data-element_type=\"column\" data-e-type=\"column\">\n\t\t\t<div class=\"elementor-widget-wrap elementor-element-populated\">\n\t\t\t\t\t\t<div class=\"elementor-element elementor-element-b03b068 elementor-widget elementor-widget-heading\" data-id=\"b03b068\" data-element_type=\"widget\" data-e-type=\"widget\" data-widget_type=\"heading.default\">\n\t\t\t\t<div class=\"elementor-widget-container\">\n\t\t\t\t\t<h2 class=\"elementor-heading-title elementor-size-default\">Nos objectifs<\/h2>\t\t\t\t<\/div>\n\t\t\t\t<\/div>\n\t\t\t\t\t<\/div>\n\t\t<\/div>\n\t\t\t\t\t<\/div>\n\t\t<\/section>\n\t\t\t\t<section class=\"elementor-section elementor-top-section elementor-element elementor-element-ba0dca8 elementor-section-boxed elementor-section-height-default elementor-section-height-default\" data-id=\"ba0dca8\" data-element_type=\"section\" data-e-type=\"section\">\n\t\t\t\t\t\t<div class=\"elementor-container elementor-column-gap-default\">\n\t\t\t\t\t<div class=\"elementor-column elementor-col-50 elementor-top-column elementor-element elementor-element-19a961b\" data-id=\"19a961b\" data-element_type=\"column\" data-e-type=\"column\">\n\t\t\t<div class=\"elementor-widget-wrap\">\n\t\t\t\t\t\t\t<\/div>\n\t\t<\/div>\n\t\t\t\t<div class=\"elementor-column elementor-col-50 elementor-top-column elementor-element elementor-element-e43dbc4\" data-id=\"e43dbc4\" data-element_type=\"column\" data-e-type=\"column\">\n\t\t\t<div class=\"elementor-widget-wrap elementor-element-populated\">\n\t\t\t\t\t\t<div class=\"elementor-element elementor-element-f3cae75 elementor-widget elementor-widget-heading\" data-id=\"f3cae75\" data-element_type=\"widget\" data-e-type=\"widget\" data-widget_type=\"heading.default\">\n\t\t\t\t<div class=\"elementor-widget-container\">\n\t\t\t\t\t<h4 class=\"elementor-heading-title elementor-size-default\">Identifier les causes de non-neutralit\u00e9<\/h4>\t\t\t\t<\/div>\n\t\t\t\t<\/div>\n\t\t\t\t\t<\/div>\n\t\t<\/div>\n\t\t\t\t\t<\/div>\n\t\t<\/section>\n\t\t\t\t<section class=\"elementor-section elementor-top-section elementor-element elementor-element-1bd24c9 elementor-section-boxed elementor-section-height-default elementor-section-height-default\" data-id=\"1bd24c9\" data-element_type=\"section\" data-e-type=\"section\">\n\t\t\t\t\t\t<div class=\"elementor-container elementor-column-gap-default\">\n\t\t\t\t\t<div class=\"elementor-column elementor-col-50 elementor-top-column elementor-element elementor-element-904ff4e\" data-id=\"904ff4e\" data-element_type=\"column\" data-e-type=\"column\">\n\t\t\t<div class=\"elementor-widget-wrap\">\n\t\t\t\t\t\t\t<\/div>\n\t\t<\/div>\n\t\t\t\t<div class=\"elementor-column elementor-col-50 elementor-top-column elementor-element elementor-element-cab9b1b\" data-id=\"cab9b1b\" data-element_type=\"column\" data-e-type=\"column\">\n\t\t\t<div class=\"elementor-widget-wrap elementor-element-populated\">\n\t\t\t\t\t\t<div class=\"elementor-element elementor-element-55f6fd4 elementor-widget elementor-widget-text-editor\" data-id=\"55f6fd4\" data-element_type=\"widget\" data-e-type=\"widget\" data-widget_type=\"text-editor.default\">\n\t\t\t\t<div class=\"elementor-widget-container\">\n\t\t\t\t\t\t\t\t\t<p>Notre premier objectif est de conna\u00eetre les <strong>difficult\u00e9s<\/strong> que peuvent rencontrer les fournisseurs d&rsquo;acc\u00e8s que ce soit en terme <strong>technique, organisationnel, politique ou financier<\/strong> pour ne pas fournir un Internet neutre digne de ce nom.<\/p><p>Pour cela, (et parce qu&rsquo;aussi et surtout nous n&rsquo;avions pas envie d&rsquo;attendre que les fournisseurs d&rsquo;acc\u00e8s suisses fassent de l&rsquo;Internet neutre) nous avons d\u00e9cid\u00e9 de cr\u00e9er <strong>nous-m\u00eame<\/strong> un op\u00e9rateur Internet comme les grands que vous connaissez afin d&rsquo;\u00eatre confront\u00e9s aux difficult\u00e9s et de voir si nous pouvions y faire face.<\/p><p>Nous sommes donc <strong>op\u00e9rateur<\/strong> officiellement et nous remercions encore tr\u00e8s chaleureusement <strong>nos partenaires<\/strong> qui nous ont permis <strong>financi\u00e8rement<\/strong> de devenir fournisseur d&rsquo;acc\u00e8s Internet.<\/p><p>Ce projet est en cours et nous n&rsquo;avons pas encore de compte-rendu \u00e0 donner depuis que nous sommes op\u00e9rateur (ao\u00fbt 2018) concernant la neutralit\u00e9 du net du point de vue d&rsquo;un fournisseur d&rsquo;acc\u00e8s \u00e0 Internet.<\/p>\t\t\t\t\t\t\t\t<\/div>\n\t\t\t\t<\/div>\n\t\t\t\t\t<\/div>\n\t\t<\/div>\n\t\t\t\t\t<\/div>\n\t\t<\/section>\n\t\t\t\t<section class=\"elementor-section elementor-top-section elementor-element elementor-element-64aa881 elementor-section-boxed elementor-section-height-default elementor-section-height-default\" data-id=\"64aa881\" data-element_type=\"section\" data-e-type=\"section\">\n\t\t\t\t\t\t<div class=\"elementor-container elementor-column-gap-default\">\n\t\t\t\t\t<div class=\"elementor-column elementor-col-50 elementor-top-column elementor-element elementor-element-ced0059\" data-id=\"ced0059\" data-element_type=\"column\" data-e-type=\"column\">\n\t\t\t<div class=\"elementor-widget-wrap\">\n\t\t\t\t\t\t\t<\/div>\n\t\t<\/div>\n\t\t\t\t<div class=\"elementor-column elementor-col-50 elementor-top-column elementor-element elementor-element-8036389\" data-id=\"8036389\" data-element_type=\"column\" data-e-type=\"column\">\n\t\t\t<div class=\"elementor-widget-wrap elementor-element-populated\">\n\t\t\t\t\t\t<div class=\"elementor-element elementor-element-103d617 elementor-widget elementor-widget-heading\" data-id=\"103d617\" data-element_type=\"widget\" data-e-type=\"widget\" data-widget_type=\"heading.default\">\n\t\t\t\t<div class=\"elementor-widget-container\">\n\t\t\t\t\t<h4 class=\"elementor-heading-title elementor-size-default\">Garantir qu'il y ait au moins un fournisseur d'acc\u00e8s Internet neutre en Suisse<\/h4>\t\t\t\t<\/div>\n\t\t\t\t<\/div>\n\t\t\t\t\t<\/div>\n\t\t<\/div>\n\t\t\t\t\t<\/div>\n\t\t<\/section>\n\t\t\t\t<section class=\"elementor-section elementor-top-section elementor-element elementor-element-95dff0c elementor-section-boxed elementor-section-height-default elementor-section-height-default\" data-id=\"95dff0c\" data-element_type=\"section\" data-e-type=\"section\">\n\t\t\t\t\t\t<div class=\"elementor-container elementor-column-gap-default\">\n\t\t\t\t\t<div class=\"elementor-column elementor-col-50 elementor-top-column elementor-element elementor-element-9e7903d\" data-id=\"9e7903d\" data-element_type=\"column\" data-e-type=\"column\">\n\t\t\t<div class=\"elementor-widget-wrap\">\n\t\t\t\t\t\t\t<\/div>\n\t\t<\/div>\n\t\t\t\t<div class=\"elementor-column elementor-col-50 elementor-top-column elementor-element elementor-element-e384f3d\" data-id=\"e384f3d\" data-element_type=\"column\" data-e-type=\"column\">\n\t\t\t<div class=\"elementor-widget-wrap elementor-element-populated\">\n\t\t\t\t\t\t<div class=\"elementor-element elementor-element-a1641be elementor-widget elementor-widget-text-editor\" data-id=\"a1641be\" data-element_type=\"widget\" data-e-type=\"widget\" data-widget_type=\"text-editor.default\">\n\t\t\t\t<div class=\"elementor-widget-container\">\n\t\t\t\t\t\t\t\t\t<p>Par notre mod\u00e8le associatif non lucratif garantissant nos valeurs, et sans pression \u00e9conomique, nous voulons nous assurer qu&rsquo;il est possible d&rsquo;acc\u00e9der \u00e0 Internet de mani\u00e8re neutre, tout simplement en construisant l&rsquo;Internet citoyen que nous r\u00eavons.<\/p>\t\t\t\t\t\t\t\t<\/div>\n\t\t\t\t<\/div>\n\t\t\t\t\t<\/div>\n\t\t<\/div>\n\t\t\t\t\t<\/div>\n\t\t<\/section>\n\t\t\t\t<section class=\"elementor-section elementor-top-section elementor-element elementor-element-0498e27 elementor-section-boxed elementor-section-height-default elementor-section-height-default\" data-id=\"0498e27\" data-element_type=\"section\" data-e-type=\"section\">\n\t\t\t\t\t\t<div class=\"elementor-container elementor-column-gap-default\">\n\t\t\t\t\t<div class=\"elementor-column elementor-col-50 elementor-top-column elementor-element elementor-element-73c1a6b\" data-id=\"73c1a6b\" data-element_type=\"column\" data-e-type=\"column\">\n\t\t\t<div class=\"elementor-widget-wrap elementor-element-populated\">\n\t\t\t\t\t\t<div class=\"elementor-element elementor-element-2a1400e elementor-view-default elementor-widget elementor-widget-icon\" data-id=\"2a1400e\" data-element_type=\"widget\" data-e-type=\"widget\" data-widget_type=\"icon.default\">\n\t\t\t\t<div class=\"elementor-widget-container\">\n\t\t\t\t\t\t\t<div class=\"elementor-icon-wrapper\">\n\t\t\t<div class=\"elementor-icon\">\n\t\t\t<i aria-hidden=\"true\" class=\"fas fa-star\"><\/i>\t\t\t<\/div>\n\t\t<\/div>\n\t\t\t\t\t\t<\/div>\n\t\t\t\t<\/div>\n\t\t\t\t\t<\/div>\n\t\t<\/div>\n\t\t\t\t<div class=\"elementor-column elementor-col-50 elementor-top-column elementor-element elementor-element-49be620\" data-id=\"49be620\" data-element_type=\"column\" data-e-type=\"column\">\n\t\t\t<div class=\"elementor-widget-wrap elementor-element-populated\">\n\t\t\t\t\t\t<div class=\"elementor-element elementor-element-8c27c04 elementor-widget elementor-widget-heading\" data-id=\"8c27c04\" data-element_type=\"widget\" data-e-type=\"widget\" data-widget_type=\"heading.default\">\n\t\t\t\t<div class=\"elementor-widget-container\">\n\t\t\t\t\t<h2 class=\"elementor-heading-title elementor-size-default\">Autres id\u00e9es<\/h2>\t\t\t\t<\/div>\n\t\t\t\t<\/div>\n\t\t\t\t\t<\/div>\n\t\t<\/div>\n\t\t\t\t\t<\/div>\n\t\t<\/section>\n\t\t\t\t<section class=\"elementor-section elementor-top-section elementor-element elementor-element-56cc704 elementor-section-boxed elementor-section-height-default elementor-section-height-default\" data-id=\"56cc704\" data-element_type=\"section\" data-e-type=\"section\">\n\t\t\t\t\t\t<div class=\"elementor-container elementor-column-gap-default\">\n\t\t\t\t\t<div class=\"elementor-column elementor-col-50 elementor-top-column elementor-element elementor-element-1c63947\" data-id=\"1c63947\" data-element_type=\"column\" data-e-type=\"column\">\n\t\t\t<div class=\"elementor-widget-wrap\">\n\t\t\t\t\t\t\t<\/div>\n\t\t<\/div>\n\t\t\t\t<div class=\"elementor-column elementor-col-50 elementor-top-column elementor-element elementor-element-e8b73a8\" data-id=\"e8b73a8\" data-element_type=\"column\" data-e-type=\"column\">\n\t\t\t<div class=\"elementor-widget-wrap elementor-element-populated\">\n\t\t\t\t\t\t<div class=\"elementor-element elementor-element-67d7ec7 elementor-widget elementor-widget-text-editor\" data-id=\"67d7ec7\" data-element_type=\"widget\" data-e-type=\"widget\" data-widget_type=\"text-editor.default\">\n\t\t\t\t<div class=\"elementor-widget-container\">\n\t\t\t\t\t\t\t\t\t<p>Plusieurs id\u00e9es sont dans les cartons, en plus de fournir du VPN et des connexions DSL ou fibre, nous r\u00e9fl\u00e9chissons \u00e0 cr\u00e9er un <strong>label de qualit\u00e9<\/strong> pour les op\u00e9rateurs, \u00e0 fournir des machines virtuelles ou container pour financer notre infrastructure, voire<br \/>\u00e0 proposer de la connectivit\u00e9 haut d\u00e9bit <strong>dans des r\u00e9gions recul\u00e9es<\/strong> de Suisse. Nous avons aussi entam\u00e9 un rapprochement avec un <a href=\"https:\/\/chatons.org\/fr\">CHATONS<\/a> <a href=\"http:\/\/chaton-leman.ch\/\">r\u00e9gional<\/a>.<\/p><p>Mais tout cela prend du temps, alors si l&rsquo;envie vous dit, sachez que nous cherchons des personnes int\u00e9ress\u00e9es, dans les domaines non-techniques (graphisme, communication, promotion, etc) et techniques (mise en place des services, tests de s\u00e9curit\u00e9, surveillance des services, etc).<\/p><p>\u00a0<\/p>\t\t\t\t\t\t\t\t<\/div>\n\t\t\t\t<\/div>\n\t\t\t\t\t<\/div>\n\t\t<\/div>\n\t\t\t\t\t<\/div>\n\t\t<\/section>\n\t\t\t\t<\/div>\n\t\t","protected":false},"excerpt":{"rendered":"<p>Qui sommes-nous ? SwissNeutral.net (prononc\u00e9 SwissNeutralNet ou SNN) est une association \u00e0 but non lucratif d\u00e9sireuse de promouvoir la neutralit\u00e9* du Net en Suisse par plusieurs moyens d&rsquo;actions. Nous sommes \u00e9galement op\u00e9rateur Internet (AS 200601) pour les raisons \u00e9voqu\u00e9es plus bas. \u00c7a c&rsquo;est pour les grandes lignes. \ud83d\ude00 C&rsquo;est quoi la \u00ab neutralit\u00e9* du net&hellip;<\/p>\n","protected":false},"author":1,"featured_media":0,"parent":0,"menu_order":0,"comment_status":"closed","ping_status":"open","template":"","meta":{"footnotes":""},"class_list":["post-2","page","type-page","status-publish","hentry"],"_links":{"self":[{"href":"https:\/\/www.swissneutral.net\/index.php?rest_route=\/wp\/v2\/pages\/2","targetHints":{"allow":["GET"]}}],"collection":[{"href":"https:\/\/www.swissneutral.net\/index.php?rest_route=\/wp\/v2\/pages"}],"about":[{"href":"https:\/\/www.swissneutral.net\/index.php?rest_route=\/wp\/v2\/types\/page"}],"author":[{"embeddable":true,"href":"https:\/\/www.swissneutral.net\/index.php?rest_route=\/wp\/v2\/users\/1"}],"replies":[{"embeddable":true,"href":"https:\/\/www.swissneutral.net\/index.php?rest_route=%2Fwp%2Fv2%2Fcomments&post=2"}],"version-history":[{"count":17,"href":"https:\/\/www.swissneutral.net\/index.php?rest_route=\/wp\/v2\/pages\/2\/revisions"}],"predecessor-version":[{"id":585,"href":"https:\/\/www.swissneutral.net\/index.php?rest_route=\/wp\/v2\/pages\/2\/revisions\/585"}],"wp:attachment":[{"href":"https:\/\/www.swissneutral.net\/index.php?rest_route=%2Fwp%2Fv2%2Fmedia&parent=2"}],"curies":[{"name":"wp","href":"https:\/\/api.w.org\/{rel}","templated":true}]}}