{"id":20,"date":"2018-09-12T20:22:58","date_gmt":"2018-09-12T20:22:58","guid":{"rendered":"https:\/\/www.swissneutral.net\/?page_id=20"},"modified":"2020-11-23T18:24:09","modified_gmt":"2020-11-23T18:24:09","slug":"services","status":"publish","type":"page","link":"https:\/\/www.swissneutral.net\/?page_id=20","title":{"rendered":"Services"},"content":{"rendered":"\t\t<div data-elementor-type=\"wp-page\" data-elementor-id=\"20\" class=\"elementor elementor-20\">\n\t\t\t\t\t\t<section class=\"elementor-section elementor-top-section elementor-element elementor-element-567dcb61 elementor-section-boxed elementor-section-height-default elementor-section-height-default\" data-id=\"567dcb61\" data-element_type=\"section\" data-e-type=\"section\">\n\t\t\t\t\t\t<div class=\"elementor-container elementor-column-gap-default\">\n\t\t\t\t\t<div class=\"elementor-column elementor-col-100 elementor-top-column elementor-element elementor-element-54cfbca4\" data-id=\"54cfbca4\" data-element_type=\"column\" data-e-type=\"column\">\n\t\t\t<div class=\"elementor-widget-wrap elementor-element-populated\">\n\t\t\t\t\t\t<div class=\"elementor-element elementor-element-3b2fcbe0 elementor-widget elementor-widget-text-editor\" data-id=\"3b2fcbe0\" data-element_type=\"widget\" data-e-type=\"widget\" data-widget_type=\"text-editor.default\">\n\t\t\t\t<div class=\"elementor-widget-container\">\n\t\t\t\t\t\t\t\t\t<p><\/p>\n<h1 class=\"wp-block-heading\">Nos services<\/h1>\n<p><\/p>\n<p><\/p>\n<h2 class=\"wp-block-heading\">Acc\u00e8s Internet par VPN<\/h2>\n<p><\/p>\n<p><\/p>\n<p>Nous fournissons un acc\u00e8s Internet neutre via un tunnel s\u00e9curis\u00e9 OpenVPN.<\/p>\n<p><\/p>\n<p><\/p>\n<div class=\"wp-block-button aligncenter\"><a class=\"wp-block-button__link has-very-dark-gray-color has-vivid-green-cyan-background-color has-text-color has-background\" href=\"https:\/\/www.swissneutral.net\/?page_id=31\">Obtenez un acc\u00e8s VPN<\/a><\/div>\n<p><\/p>\n<p><\/p>\n<h2 class=\"wp-block-heading\">Vous d\u00e9sirez d&rsquo;autres services ?<\/h2>\n<p><\/p>\n<p><\/p>\n<p>Nous travaillons actuellement \u00e0 stabiliser et am\u00e9liorer notre infrastructure. Nous souhaitons, \u00e9galement, d\u00e9velopper d&rsquo;autres services \u00e0 l&rsquo;avenir, faites-nous part de vos souhaits et nous vous recontacterons.<\/p>\n<p><\/p>\n<p><\/p>\n<div class=\"wp-block-button aligncenter\"><a class=\"wp-block-button__link has-vivid-cyan-blue-background-color has-background\" href=\"https:\/\/www.swissneutral.net\/?page_id=17\">Contactez-nous<\/a><\/div>\n<p><\/p>\t\t\t\t\t\t\t\t<\/div>\n\t\t\t\t<\/div>\n\t\t\t\t\t<\/div>\n\t\t<\/div>\n\t\t\t\t\t<\/div>\n\t\t<\/section>\n\t\t\t\t<\/div>\n\t\t","protected":false},"excerpt":{"rendered":"<p>Nos services Acc\u00e8s Internet par VPN Nous fournissons un acc\u00e8s Internet neutre via un tunnel s\u00e9curis\u00e9 OpenVPN. Vous d\u00e9sirez d&rsquo;autres services ? Nous travaillons actuellement \u00e0 stabiliser et am\u00e9liorer notre infrastructure. Nous souhaitons, \u00e9galement, d\u00e9velopper d&rsquo;autres services \u00e0 l&rsquo;avenir, faites-nous part de vos souhaits et nous vous recontacterons.<\/p>\n","protected":false},"author":2,"featured_media":0,"parent":0,"menu_order":0,"comment_status":"closed","ping_status":"closed","template":"","meta":{"footnotes":""},"class_list":["post-20","page","type-page","status-publish","hentry"],"_links":{"self":[{"href":"https:\/\/www.swissneutral.net\/index.php?rest_route=\/wp\/v2\/pages\/20","targetHints":{"allow":["GET"]}}],"collection":[{"href":"https:\/\/www.swissneutral.net\/index.php?rest_route=\/wp\/v2\/pages"}],"about":[{"href":"https:\/\/www.swissneutral.net\/index.php?rest_route=\/wp\/v2\/types\/page"}],"author":[{"embeddable":true,"href":"https:\/\/www.swissneutral.net\/index.php?rest_route=\/wp\/v2\/users\/2"}],"replies":[{"embeddable":true,"href":"https:\/\/www.swissneutral.net\/index.php?rest_route=%2Fwp%2Fv2%2Fcomments&post=20"}],"version-history":[{"count":6,"href":"https:\/\/www.swissneutral.net\/index.php?rest_route=\/wp\/v2\/pages\/20\/revisions"}],"predecessor-version":[{"id":557,"href":"https:\/\/www.swissneutral.net\/index.php?rest_route=\/wp\/v2\/pages\/20\/revisions\/557"}],"wp:attachment":[{"href":"https:\/\/www.swissneutral.net\/index.php?rest_route=%2Fwp%2Fv2%2Fmedia&parent=20"}],"curies":[{"name":"wp","href":"https:\/\/api.w.org\/{rel}","templated":true}]}}