{"id":226,"date":"2019-04-14T23:29:25","date_gmt":"2019-04-14T23:29:25","guid":{"rendered":"https:\/\/www.swissneutral.net\/?page_id=226"},"modified":"2020-11-23T17:29:39","modified_gmt":"2020-11-23T17:29:39","slug":"adherer","status":"publish","type":"page","link":"https:\/\/www.swissneutral.net\/?page_id=226","title":{"rendered":"Adh\u00e9rer"},"content":{"rendered":"\t\t<div data-elementor-type=\"wp-page\" data-elementor-id=\"226\" class=\"elementor elementor-226\">\n\t\t\t\t\t\t<section class=\"elementor-section elementor-top-section elementor-element elementor-element-5818ea24 elementor-section-boxed elementor-section-height-default elementor-section-height-default\" data-id=\"5818ea24\" data-element_type=\"section\" data-e-type=\"section\">\n\t\t\t\t\t\t<div class=\"elementor-container elementor-column-gap-default\">\n\t\t\t\t\t<div class=\"elementor-column elementor-col-100 elementor-top-column elementor-element elementor-element-2b162fa5\" data-id=\"2b162fa5\" data-element_type=\"column\" data-e-type=\"column\">\n\t\t\t<div class=\"elementor-widget-wrap elementor-element-populated\">\n\t\t\t\t\t\t<div class=\"elementor-element elementor-element-1be143b0 elementor-widget elementor-widget-text-editor\" data-id=\"1be143b0\" data-element_type=\"widget\" data-e-type=\"widget\" data-widget_type=\"text-editor.default\">\n\t\t\t\t<div class=\"elementor-widget-container\">\n\t\t\t\t\t\t\t\t\t<h2>Devenir adh\u00e9rente ou adh\u00e9rent de SwissNeutralNet c&rsquo;est<\/h2>\n<ul>\n<li>Participer ou ne pas participer aux activit\u00e9s de l&rsquo;association, \u00e0 choix en fonction des envies et affinit\u00e9s de chacun.<\/li>\n<li>Exiger <strong>une meilleure neutralit\u00e9 d&rsquo;Internet<\/strong> en Suisse et le <strong>respect<\/strong> de nos correspondances num\u00e9riques.<\/li>\n<li>D\u00e9montrer aux fournisseurs d&rsquo;acc\u00e8s Internet que la <strong>n\u00e9cessit\u00e9 d&rsquo;un Internet neutre<\/strong>:\n<ul>\n<li>Est un besoin r\u00e9el qui doit \u00eatre respect\u00e9 et <strong>qu&rsquo;il n&rsquo;est pas envisageable<\/strong> que les utilisateurs \/ les utilisatrices du r\u00e9seau soit discrimin\u00e9.e.s pour des <strong>raisons \u00e9conomiques, politiques ou techniques<\/strong> ni pour aucun autre motif quel qu&rsquo;il soit.<\/li>\n<li>Permet d&rsquo;\u00e9viter les <strong>distorsions de concurrence<\/strong> et de faire \u00e9merger des <strong>services innovants<\/strong> qu&rsquo;Internet ne permet pas dans l&rsquo;\u00e9tat qu&rsquo;il est actuellement.<\/li>\n<li>Que vouloir h\u00e9berger ses donn\u00e9es <strong>chez soi<\/strong> plut\u00f4t que dans le <strong>cloud<\/strong> ne doit pas <strong>relever du d\u00e9fi technique<\/strong> au niveau de la connexion Internet.<\/li>\n<li>Est indispensable pour <strong>ne pas casser des applications<\/strong> et des services bas\u00e9s sur le principe du pair-\u00e0-pair comme la t\u00e9l\u00e9phonie, la vid\u00e9oconf\u00e9rence, ou le principe de distribution en temps r\u00e9el de contenu en pair-\u00e0-pair soulageant les serveurs centraux (exemple: PeerTube).<\/li>\n<\/ul>\n<\/li>\n<li>S&rsquo;acquitter d&rsquo;une cotisation annuelle de 20.- CHF (50.- CHF d\u00e8s 2021).<\/li>\n<li>Pouvoir comprendre le <strong>fonctionnement<\/strong> d&rsquo;un fournisseur d&rsquo;acc\u00e8s de l&rsquo;int\u00e9rieur et avoir confiance en celui-ci.<\/li>\n<\/ul>\n<h2>Pour adh\u00e9rer c&rsquo;est simple<\/h2>\n<p>Il suffit de remplir le formulaire avec une copie de ta carte d&rsquo;identit\u00e9 recto-verso ! \ud83d\ude42<\/p>\n<p><em>Information: nos statuts et r\u00e8glement ne sont pas encore ajout\u00e9s sur le site web, on y travaille, d\u00e9sol\u00e9 ! En attendant tu peux quand m\u00eame t&rsquo;inscrire. \ud83d\ude09<strong><br>\n<\/strong><\/em><\/p>\n\n<div class=\"wpcf7 no-js\" id=\"wpcf7-f352-o1\" lang=\"fr-FR\" dir=\"ltr\" data-wpcf7-id=\"352\">\n<div class=\"screen-reader-response\"><p role=\"status\" aria-live=\"polite\" aria-atomic=\"true\"><\/p> <ul><\/ul><\/div>\n<form action=\"\/index.php?rest_route=%2Fwp%2Fv2%2Fpages%2F226#wpcf7-f352-o1\" method=\"post\" class=\"wpcf7-form init\" aria-label=\"Formulaire de contact\" enctype=\"multipart\/form-data\" novalidate=\"novalidate\" data-status=\"init\">\n<fieldset class=\"hidden-fields-container\"><input type=\"hidden\" name=\"_wpcf7\" value=\"352\" \/><input type=\"hidden\" name=\"_wpcf7_version\" value=\"6.1.5\" \/><input type=\"hidden\" name=\"_wpcf7_locale\" value=\"fr_FR\" \/><input type=\"hidden\" name=\"_wpcf7_unit_tag\" value=\"wpcf7-f352-o1\" \/><input type=\"hidden\" name=\"_wpcf7_container_post\" value=\"0\" \/><input type=\"hidden\" name=\"_wpcf7_posted_data_hash\" value=\"\" \/>\n<\/fieldset>\n<p><label> Votre nom (obligatoire)<br \/>\n<span class=\"wpcf7-form-control-wrap\" data-name=\"your-name\"><input size=\"40\" maxlength=\"400\" class=\"wpcf7-form-control wpcf7-text wpcf7-validates-as-required\" aria-required=\"true\" aria-invalid=\"false\" value=\"\" type=\"text\" name=\"your-name\" \/><\/span> <\/label>\n<\/p>\n<p><label> Rue et n\u00b0 (obligatoire)<br \/>\n<span class=\"wpcf7-form-control-wrap\" data-name=\"text-address\"><input size=\"40\" maxlength=\"400\" class=\"wpcf7-form-control wpcf7-text wpcf7-validates-as-required\" aria-required=\"true\" aria-invalid=\"false\" value=\"\" type=\"text\" name=\"text-address\" \/><\/span> <\/label>\n<\/p>\n<p><label> Code postal (obligatoire)<br \/>\n<span class=\"wpcf7-form-control-wrap\" data-name=\"text-postal-code\"><input size=\"40\" maxlength=\"400\" class=\"wpcf7-form-control wpcf7-text wpcf7-validates-as-required\" aria-required=\"true\" aria-invalid=\"false\" value=\"\" type=\"text\" name=\"text-postal-code\" \/><\/span> <\/label>\n<\/p>\n<p><label> Ville (obligatoire)<br \/>\n<span class=\"wpcf7-form-control-wrap\" data-name=\"text-city\"><input size=\"40\" maxlength=\"400\" class=\"wpcf7-form-control wpcf7-text wpcf7-validates-as-required\" aria-required=\"true\" aria-invalid=\"false\" value=\"\" type=\"text\" name=\"text-city\" \/><\/span> <\/label>\n<\/p>\n<p><label> Pays (obligatoire)<br \/>\n<span class=\"wpcf7-form-control-wrap\" data-name=\"text-country\"><input size=\"40\" maxlength=\"400\" class=\"wpcf7-form-control wpcf7-text wpcf7-validates-as-required\" aria-required=\"true\" aria-invalid=\"false\" value=\"Suisse\" type=\"text\" name=\"text-country\" \/><\/span> <\/label>\n<\/p>\n<p><label> N\u00b0 de t\u00e9l\u00e9phone (obligatoire, pour vous contacter en cas de n\u00e9cessit\u00e9)<br \/>\n<span class=\"wpcf7-form-control-wrap\" data-name=\"text-telephone\"><input size=\"40\" maxlength=\"400\" class=\"wpcf7-form-control wpcf7-tel wpcf7-validates-as-required wpcf7-text wpcf7-validates-as-tel\" aria-required=\"true\" aria-invalid=\"false\" value=\"au format +41xxxxxxxxx\" type=\"tel\" name=\"text-telephone\" \/><\/span> <\/label>\n<\/p>\n<p><label> Votre adresse de messagerie (obligatoire)<br \/>\n<span class=\"wpcf7-form-control-wrap\" data-name=\"your-email\"><input size=\"40\" maxlength=\"400\" class=\"wpcf7-form-control wpcf7-email wpcf7-validates-as-required wpcf7-text wpcf7-validates-as-email\" aria-required=\"true\" aria-invalid=\"false\" value=\"\" type=\"email\" name=\"your-email\" \/><\/span> <\/label>\n<\/p>\n<p><label> Copie pi\u00e8ce d&rsquo;identit\u00e9 (obligatoire) max 8MB au format .pdf .png .jpg<br \/>\n<span class=\"wpcf7-form-control-wrap\" data-name=\"piece-identite\"><input size=\"40\" class=\"wpcf7-form-control wpcf7-file wpcf7-validates-as-required\" accept=\".pdf,.png,.jpg\" aria-required=\"true\" aria-invalid=\"false\" type=\"file\" name=\"piece-identite\" \/><\/span> <\/label>\n<\/p>\n<p><label> Objet<br \/>\n<span class=\"wpcf7-form-control-wrap\" data-name=\"your-subject\"><input size=\"40\" maxlength=\"400\" class=\"wpcf7-form-control wpcf7-text\" aria-invalid=\"false\" value=\"Adh\u00e9sion \u00e0 SwissNeutralNet\" type=\"text\" name=\"your-subject\" \/><\/span> <\/label>\n<\/p>\n<p><span class=\"wpcf7-form-control-wrap\" data-name=\"acceptance-statuts\"><span class=\"wpcf7-form-control wpcf7-acceptance\"><span class=\"wpcf7-list-item\"><label><input type=\"checkbox\" name=\"acceptance-statuts\" value=\"1\" aria-invalid=\"false\" \/><span class=\"wpcf7-list-item-label\">Vous acceptez les statuts de SwissNeutralNet ainsi que son r\u00e8glement int\u00e9rieur.<\/span><\/label><\/span><\/span><\/span>\n<\/p>\n<p><label> Votre message<br \/>\n<span class=\"wpcf7-form-control-wrap\" data-name=\"your-message\"><textarea cols=\"40\" rows=\"10\" maxlength=\"2000\" class=\"wpcf7-form-control wpcf7-textarea\" aria-invalid=\"false\" name=\"your-message\"><\/textarea><\/span> <\/label>\n<\/p>\n<p><label> Question antispam<br \/>\n<span class=\"wpcf7-form-control-wrap\" data-name=\"quiz-758\"><label><span class=\"wpcf7-quiz-label\">Quelle est la capitale de la Suisse (r\u00e9ponse en fran\u00e7ais) ? What is the capital city of Switzerland (answer in french) ?<\/span> <input size=\"40\" class=\"wpcf7-form-control wpcf7-quiz\" autocomplete=\"off\" aria-required=\"true\" aria-invalid=\"false\" type=\"text\" name=\"quiz-758\" \/><\/label><input type=\"hidden\" name=\"_wpcf7_quiz_answer_quiz-758\" value=\"e455dd766849b13a5e63713f369f7d87\" \/><\/span> <\/label>\n<\/p>\n<p><input class=\"wpcf7-form-control wpcf7-submit has-spinner\" type=\"submit\" value=\"Envoyer\" \/>\n<\/p><p style=\"display: none !important;\" class=\"akismet-fields-container\" data-prefix=\"_wpcf7_ak_\"><label>&#916;<textarea name=\"_wpcf7_ak_hp_textarea\" cols=\"45\" rows=\"8\" maxlength=\"100\"><\/textarea><\/label><input type=\"hidden\" id=\"ak_js_1\" name=\"_wpcf7_ak_js\" value=\"103\"\/><script type=\"text\/javascript\">\n\/* <![CDATA[ *\/\ndocument.getElementById( \"ak_js_1\" ).setAttribute( \"value\", ( new Date() ).getTime() );\n\/* ]]> *\/\n<\/script>\n<\/p><div class=\"wpcf7-response-output\" aria-hidden=\"true\"><\/div>\n<\/form>\n<\/div>\n\n<p><strong>Merci pour ton inscription !<\/strong><\/p>\t\t\t\t\t\t\t\t<\/div>\n\t\t\t\t<\/div>\n\t\t\t\t\t<\/div>\n\t\t<\/div>\n\t\t\t\t\t<\/div>\n\t\t<\/section>\n\t\t\t\t<\/div>\n\t\t","protected":false},"excerpt":{"rendered":"<p>Devenir adh\u00e9rente ou adh\u00e9rent de SwissNeutralNet c&rsquo;est Participer ou ne pas participer aux activit\u00e9s de l&rsquo;association, \u00e0 choix en fonction des envies et affinit\u00e9s de chacun. Exiger une meilleure neutralit\u00e9 d&rsquo;Internet en Suisse et le respect de nos correspondances num\u00e9riques. D\u00e9montrer aux fournisseurs d&rsquo;acc\u00e8s Internet que la n\u00e9cessit\u00e9 d&rsquo;un Internet neutre: Est un besoin r\u00e9el&hellip;<\/p>\n","protected":false},"author":2,"featured_media":0,"parent":0,"menu_order":0,"comment_status":"closed","ping_status":"closed","template":"","meta":{"footnotes":""},"class_list":["post-226","page","type-page","status-publish","hentry"],"_links":{"self":[{"href":"https:\/\/www.swissneutral.net\/index.php?rest_route=\/wp\/v2\/pages\/226","targetHints":{"allow":["GET"]}}],"collection":[{"href":"https:\/\/www.swissneutral.net\/index.php?rest_route=\/wp\/v2\/pages"}],"about":[{"href":"https:\/\/www.swissneutral.net\/index.php?rest_route=\/wp\/v2\/types\/page"}],"author":[{"embeddable":true,"href":"https:\/\/www.swissneutral.net\/index.php?rest_route=\/wp\/v2\/users\/2"}],"replies":[{"embeddable":true,"href":"https:\/\/www.swissneutral.net\/index.php?rest_route=%2Fwp%2Fv2%2Fcomments&post=226"}],"version-history":[{"count":11,"href":"https:\/\/www.swissneutral.net\/index.php?rest_route=\/wp\/v2\/pages\/226\/revisions"}],"predecessor-version":[{"id":522,"href":"https:\/\/www.swissneutral.net\/index.php?rest_route=\/wp\/v2\/pages\/226\/revisions\/522"}],"wp:attachment":[{"href":"https:\/\/www.swissneutral.net\/index.php?rest_route=%2Fwp%2Fv2%2Fmedia&parent=226"}],"curies":[{"name":"wp","href":"https:\/\/api.w.org\/{rel}","templated":true}]}}