{"id":453,"date":"2020-06-18T08:40:53","date_gmt":"2020-06-18T08:40:53","guid":{"rendered":"https:\/\/www.swissneutral.net\/?page_id=453"},"modified":"2020-11-23T18:01:48","modified_gmt":"2020-11-23T18:01:48","slug":"maintenances","status":"publish","type":"page","link":"https:\/\/www.swissneutral.net\/?page_id=453","title":{"rendered":"Maintenances"},"content":{"rendered":"\t\t<div data-elementor-type=\"wp-page\" data-elementor-id=\"453\" class=\"elementor elementor-453\">\n\t\t\t\t\t\t<section class=\"elementor-section elementor-top-section elementor-element elementor-element-ee95d59 elementor-section-boxed elementor-section-height-default elementor-section-height-default\" data-id=\"ee95d59\" data-element_type=\"section\" data-e-type=\"section\">\n\t\t\t\t\t\t<div class=\"elementor-container elementor-column-gap-default\">\n\t\t\t\t\t<div class=\"elementor-column elementor-col-50 elementor-top-column elementor-element elementor-element-291cbce\" data-id=\"291cbce\" data-element_type=\"column\" data-e-type=\"column\">\n\t\t\t<div class=\"elementor-widget-wrap elementor-element-populated\">\n\t\t\t\t\t\t<div class=\"elementor-element elementor-element-08b94ab elementor-view-default elementor-widget elementor-widget-icon\" data-id=\"08b94ab\" data-element_type=\"widget\" data-e-type=\"widget\" data-widget_type=\"icon.default\">\n\t\t\t\t<div class=\"elementor-widget-container\">\n\t\t\t\t\t\t\t<div class=\"elementor-icon-wrapper\">\n\t\t\t<div class=\"elementor-icon\">\n\t\t\t<i aria-hidden=\"true\" class=\"fas fa-tools\"><\/i>\t\t\t<\/div>\n\t\t<\/div>\n\t\t\t\t\t\t<\/div>\n\t\t\t\t<\/div>\n\t\t\t\t\t<\/div>\n\t\t<\/div>\n\t\t\t\t<div class=\"elementor-column elementor-col-50 elementor-top-column elementor-element elementor-element-e0aa097\" data-id=\"e0aa097\" data-element_type=\"column\" data-e-type=\"column\">\n\t\t\t<div class=\"elementor-widget-wrap elementor-element-populated\">\n\t\t\t\t\t\t<div class=\"elementor-element elementor-element-72e849b elementor-widget elementor-widget-text-editor\" data-id=\"72e849b\" data-element_type=\"widget\" data-e-type=\"widget\" data-widget_type=\"text-editor.default\">\n\t\t\t\t<div class=\"elementor-widget-container\">\n\t\t\t\t\t\t\t\t\t<p>Les maintenances sont annonc\u00e9es dans la mesure du possible un ou deux jours \u00e0 l&rsquo;avance, elles consistent principalement \u00e0 des mises \u00e0 jour de s\u00e9curit\u00e9 r\u00e9guli\u00e8res qui n\u00e9cessitent parfois un red\u00e9marrage complet de l&rsquo;infrastructure.<\/p>\n<p>Les maintenances sont annonc\u00e9es \u00e0 deux endroits officiels :<\/p>\n<ul>\n<li>Notre compte Mastodon <a href=\"https:\/\/mastodon.social\/@Swissneutralnet\">https:\/\/mastodon.social\/@Swissneutralnet<\/a><\/li>\n<li>Le canal de discussion Element\/Matrix de SwissNeutralNet, voir page <a href=\"https:\/\/www.swissneutral.net\/?page_id=17\">Contact<\/a> sous \u00ab\u00a0Le coin papote\u00a0\u00bb<\/li>\n<\/ul>\n<p>En tant qu&rsquo;association \u00e0 but non lucratif, nous r\u00e9alisons cela sur notre temps libre et non \u00e0 titre professionnel, c&rsquo;est pourquoi il est rare que les maintenances s&rsquo;effectuent durant la nuit.<\/p>\n<p>Merci de votre compr\u00e9hension.<\/p>\t\t\t\t\t\t\t\t<\/div>\n\t\t\t\t<\/div>\n\t\t\t\t\t<\/div>\n\t\t<\/div>\n\t\t\t\t\t<\/div>\n\t\t<\/section>\n\t\t\t\t<\/div>\n\t\t","protected":false},"excerpt":{"rendered":"<p>Les maintenances sont annonc\u00e9es dans la mesure du possible un ou deux jours \u00e0 l&rsquo;avance, elles consistent principalement \u00e0 des mises \u00e0 jour de s\u00e9curit\u00e9 r\u00e9guli\u00e8res qui n\u00e9cessitent parfois un red\u00e9marrage complet de l&rsquo;infrastructure. Les maintenances sont annonc\u00e9es \u00e0 deux endroits officiels : Notre compte Mastodon https:\/\/mastodon.social\/@Swissneutralnet Le canal de discussion Element\/Matrix de SwissNeutralNet, voir&hellip;<\/p>\n","protected":false},"author":2,"featured_media":0,"parent":0,"menu_order":0,"comment_status":"closed","ping_status":"closed","template":"","meta":{"footnotes":""},"class_list":["post-453","page","type-page","status-publish","hentry"],"_links":{"self":[{"href":"https:\/\/www.swissneutral.net\/index.php?rest_route=\/wp\/v2\/pages\/453","targetHints":{"allow":["GET"]}}],"collection":[{"href":"https:\/\/www.swissneutral.net\/index.php?rest_route=\/wp\/v2\/pages"}],"about":[{"href":"https:\/\/www.swissneutral.net\/index.php?rest_route=\/wp\/v2\/types\/page"}],"author":[{"embeddable":true,"href":"https:\/\/www.swissneutral.net\/index.php?rest_route=\/wp\/v2\/users\/2"}],"replies":[{"embeddable":true,"href":"https:\/\/www.swissneutral.net\/index.php?rest_route=%2Fwp%2Fv2%2Fcomments&post=453"}],"version-history":[{"count":6,"href":"https:\/\/www.swissneutral.net\/index.php?rest_route=\/wp\/v2\/pages\/453\/revisions"}],"predecessor-version":[{"id":542,"href":"https:\/\/www.swissneutral.net\/index.php?rest_route=\/wp\/v2\/pages\/453\/revisions\/542"}],"wp:attachment":[{"href":"https:\/\/www.swissneutral.net\/index.php?rest_route=%2Fwp%2Fv2%2Fmedia&parent=453"}],"curies":[{"name":"wp","href":"https:\/\/api.w.org\/{rel}","templated":true}]}}